{"id":12366,"date":"2023-07-17T18:46:01","date_gmt":"2023-07-17T18:46:01","guid":{"rendered":"https:\/\/congokin.blog\/?page_id=12366"},"modified":"2023-07-18T01:41:15","modified_gmt":"2023-07-18T01:41:15","slug":"livre-de-condoleances-de-chirubin-okende-senga","status":"publish","type":"page","link":"https:\/\/congokin.blog\/?page_id=12366","title":{"rendered":"LIVRE DE CONDOLEANCES DE CHERUBIN OKENDE SENGA"},"content":{"rendered":"\n<p><\/p>\n\n\n\n<figure class=\"wp-block-image size-full is-style-zoooom\"><img loading=\"lazy\" decoding=\"async\" width=\"838\" height=\"480\" src=\"https:\/\/congokin.blog\/wp-content\/uploads\/2023\/07\/CherubinOkende.jpg\" alt=\"\" class=\"wp-image-12374\" srcset=\"https:\/\/congokin.blog\/wp-content\/uploads\/2023\/07\/CherubinOkende.jpg 838w, https:\/\/congokin.blog\/wp-content\/uploads\/2023\/07\/CherubinOkende-300x172.jpg 300w, https:\/\/congokin.blog\/wp-content\/uploads\/2023\/07\/CherubinOkende-768x440.jpg 768w\" sizes=\"auto, (max-width: 838px) 100vw, 838px\" \/><\/figure>\n\n\n\n<p><\/p>\n\n\n\n<p><\/p>\n\n\n\n<p class=\"has-pale-cyan-blue-background-color has-background\">Nos condol\u00e9ances les plus attrist\u00e9es pour cet assassinat brutal  d&rsquo;un d\u00e9put\u00e9 national  de la  RDC. Ces condol\u00e9ances sont faites ind\u00e9pendamment des appartenances politiques ou ethniques. <\/p>\n\n\n\n<div class=\"wp-block-comments\"><h2 id=\"comments\" class=\"wp-block-comments-title\">9 r\u00e9ponses \u00e0 &#8220;LIVRE DE CONDOLEANCES DE CHERUBIN OKENDE SENGA&#8221;<\/h2>\n\n<ol class=\"wp-block-comment-template\"><li id=\"comment-13555\" class=\"comment byuser comment-author-admin bypostauthor even thread-even depth-1\">\n\n<div class=\"wp-block-columns is-layout-flex wp-container-core-columns-is-layout-28f84493 wp-block-columns-is-layout-flex\">\n<div class=\"wp-block-column is-layout-flow wp-block-column-is-layout-flow\" style=\"flex-basis:40px\"><div class=\"wp-block-avatar\"><img alt='Avatar de admin' src='https:\/\/secure.gravatar.com\/avatar\/50c5314a64b983dd1b82ef8de30bb8c40c3cd99ded648f578c604f6f4b61e60b?s=40&#038;d=mm&#038;r=g' srcset='https:\/\/secure.gravatar.com\/avatar\/50c5314a64b983dd1b82ef8de30bb8c40c3cd99ded648f578c604f6f4b61e60b?s=80&#038;d=mm&#038;r=g 2x' class='avatar avatar-40 photo wp-block-avatar__image' height='40' width='40'  style=\"border-radius:20px;\"\/><\/div><\/div>\n\n\n\n<div class=\"wp-block-column is-layout-flow wp-block-column-is-layout-flow\"><div class=\"wp-block-comment-author-name has-small-font-size\"><a rel=\"external nofollow ugc\" href=\"https:\/\/congokin.blog\" target=\"_self\" >admin<\/a><\/div>\n\n\n<div class=\"wp-block-group is-layout-flex wp-block-group-is-layout-flex\" style=\"margin-top:0px;margin-bottom:0px\"><div class=\"wp-block-comment-date has-small-font-size\"><time datetime=\"2023-07-18T00:49:59+00:00\"><a href=\"https:\/\/congokin.blog\/?page_id=12366#comment-13555\">juillet 18, 2023<\/a><\/time><\/div>\n\n<\/div>\n\n\n<div class=\"wp-block-comment-content\"><p>Les mots ne suffisent pas \u00e0 exprimer notre tristesse \u00e0 la suite de cet assassinat pendant que notre pays traverse une p\u00e9riode tr\u00e8s difficile pour sa survie. Pierre Sula<\/p>\n<\/div>\n\n<div class=\"wp-block-comment-reply-link has-small-font-size\"><a rel=\"nofollow\" class=\"comment-reply-link\" href=\"https:\/\/congokin.blog\/?page_id=12366&#038;replytocom=13555#respond\" data-commentid=\"13555\" data-postid=\"12366\" data-belowelement=\"comment-13555\" data-respondelement=\"respond\" data-replyto=\"R\u00e9pondre \u00e0 admin\" aria-label=\"R\u00e9pondre \u00e0 admin\">R\u00e9pondre<\/a><\/div><\/div>\n<\/div>\n\n<\/li><li id=\"comment-13556\" class=\"comment byuser comment-author-admin bypostauthor odd alt thread-odd thread-alt depth-1\">\n\n<div class=\"wp-block-columns is-layout-flex wp-container-core-columns-is-layout-28f84493 wp-block-columns-is-layout-flex\">\n<div class=\"wp-block-column is-layout-flow wp-block-column-is-layout-flow\" style=\"flex-basis:40px\"><div class=\"wp-block-avatar\"><img alt='Avatar de admin' src='https:\/\/secure.gravatar.com\/avatar\/50c5314a64b983dd1b82ef8de30bb8c40c3cd99ded648f578c604f6f4b61e60b?s=40&#038;d=mm&#038;r=g' srcset='https:\/\/secure.gravatar.com\/avatar\/50c5314a64b983dd1b82ef8de30bb8c40c3cd99ded648f578c604f6f4b61e60b?s=80&#038;d=mm&#038;r=g 2x' class='avatar avatar-40 photo wp-block-avatar__image' height='40' width='40'  style=\"border-radius:20px;\"\/><\/div><\/div>\n\n\n\n<div class=\"wp-block-column is-layout-flow wp-block-column-is-layout-flow\"><div class=\"wp-block-comment-author-name has-small-font-size\"><a rel=\"external nofollow ugc\" href=\"https:\/\/congokin.blog\" target=\"_self\" >admin<\/a><\/div>\n\n\n<div class=\"wp-block-group is-layout-flex wp-block-group-is-layout-flex\" style=\"margin-top:0px;margin-bottom:0px\"><div class=\"wp-block-comment-date has-small-font-size\"><time datetime=\"2023-07-18T01:02:34+00:00\"><a href=\"https:\/\/congokin.blog\/?page_id=12366#comment-13556\">juillet 18, 2023<\/a><\/time><\/div>\n\n<\/div>\n\n\n<div class=\"wp-block-comment-content\"><p>En tant que Congolais et aussi &lsquo;un ancien du Coll\u00e8ge du St Esprit  Kindu, l&rsquo;\u00e9cole secondaire que le d\u00e9funt avait fr\u00e9quent\u00e9e, je voudrais ici  partager les chagrins de tous les Congolais natifs du Maniema.  Pen&rsquo;Okenghe.<\/p>\n<\/div>\n\n<div class=\"wp-block-comment-reply-link has-small-font-size\"><a rel=\"nofollow\" class=\"comment-reply-link\" href=\"https:\/\/congokin.blog\/?page_id=12366&#038;replytocom=13556#respond\" data-commentid=\"13556\" data-postid=\"12366\" data-belowelement=\"comment-13556\" data-respondelement=\"respond\" data-replyto=\"R\u00e9pondre \u00e0 admin\" aria-label=\"R\u00e9pondre \u00e0 admin\">R\u00e9pondre<\/a><\/div><\/div>\n<\/div>\n\n<\/li><li id=\"comment-13557\" class=\"comment even thread-even depth-1\">\n\n<div class=\"wp-block-columns is-layout-flex wp-container-core-columns-is-layout-28f84493 wp-block-columns-is-layout-flex\">\n<div class=\"wp-block-column is-layout-flow wp-block-column-is-layout-flow\" style=\"flex-basis:40px\"><div class=\"wp-block-avatar\"><img alt='Avatar de JOSEPH M UCHUDI' src='https:\/\/secure.gravatar.com\/avatar\/ed316704d84f82b12665759c347e0020b3c8576edde87cae626b16466076c7b7?s=40&#038;d=mm&#038;r=g' srcset='https:\/\/secure.gravatar.com\/avatar\/ed316704d84f82b12665759c347e0020b3c8576edde87cae626b16466076c7b7?s=80&#038;d=mm&#038;r=g 2x' class='avatar avatar-40 photo wp-block-avatar__image' height='40' width='40'  style=\"border-radius:20px;\"\/><\/div><\/div>\n\n\n\n<div class=\"wp-block-column is-layout-flow wp-block-column-is-layout-flow\"><div class=\"wp-block-comment-author-name has-small-font-size\">JOSEPH M UCHUDI<\/div>\n\n\n<div class=\"wp-block-group is-layout-flex wp-block-group-is-layout-flex\" style=\"margin-top:0px;margin-bottom:0px\"><div class=\"wp-block-comment-date has-small-font-size\"><time datetime=\"2023-07-18T01:50:38+00:00\"><a href=\"https:\/\/congokin.blog\/?page_id=12366#comment-13557\">juillet 18, 2023<\/a><\/time><\/div>\n\n<\/div>\n\n\n<div class=\"wp-block-comment-content\"><p>Nous venons de perdre un fils du  Congo en la personne de l&rsquo;honnorable Cherubin Okende.  Sa mort cree un vide qui sera difficile a combler sur l&rsquo;echiquier du combat pour la liberation et le developpement de la RDC.  En tant que Congolais et aussi \u2018un ancien du Coll\u00e8ge du St Esprit Kindu, l\u2019\u00e9cole secondaire que le d\u00e9funt avait fr\u00e9quent\u00e9e, je present ici mes condoleances aux famillles biologiques et politiques du defunt.<br \/>\nJoseph Uchudi, Silver Spring, Maryland, USA.<\/p>\n<\/div>\n\n<div class=\"wp-block-comment-reply-link has-small-font-size\"><a rel=\"nofollow\" class=\"comment-reply-link\" href=\"https:\/\/congokin.blog\/?page_id=12366&#038;replytocom=13557#respond\" data-commentid=\"13557\" data-postid=\"12366\" data-belowelement=\"comment-13557\" data-respondelement=\"respond\" data-replyto=\"R\u00e9pondre \u00e0 JOSEPH M UCHUDI\" aria-label=\"R\u00e9pondre \u00e0 JOSEPH M UCHUDI\">R\u00e9pondre<\/a><\/div><\/div>\n<\/div>\n\n<\/li><li id=\"comment-13558\" class=\"comment odd alt thread-odd thread-alt depth-1\">\n\n<div class=\"wp-block-columns is-layout-flex wp-container-core-columns-is-layout-28f84493 wp-block-columns-is-layout-flex\">\n<div class=\"wp-block-column is-layout-flow wp-block-column-is-layout-flow\" style=\"flex-basis:40px\"><div class=\"wp-block-avatar\"><img alt='Avatar de Mambo Lumona' src='https:\/\/secure.gravatar.com\/avatar\/3007aaa85e564e6de6ff07dd3806a5befbcaefd5a7a84a133d6ac64e09a9ad6d?s=40&#038;d=mm&#038;r=g' srcset='https:\/\/secure.gravatar.com\/avatar\/3007aaa85e564e6de6ff07dd3806a5befbcaefd5a7a84a133d6ac64e09a9ad6d?s=80&#038;d=mm&#038;r=g 2x' class='avatar avatar-40 photo wp-block-avatar__image' height='40' width='40'  style=\"border-radius:20px;\"\/><\/div><\/div>\n\n\n\n<div class=\"wp-block-column is-layout-flow wp-block-column-is-layout-flow\"><div class=\"wp-block-comment-author-name has-small-font-size\">Mambo Lumona<\/div>\n\n\n<div class=\"wp-block-group is-layout-flex wp-block-group-is-layout-flex\" style=\"margin-top:0px;margin-bottom:0px\"><div class=\"wp-block-comment-date has-small-font-size\"><time datetime=\"2023-07-18T02:20:12+00:00\"><a href=\"https:\/\/congokin.blog\/?page_id=12366#comment-13558\">juillet 18, 2023<\/a><\/time><\/div>\n\n<\/div>\n\n\n<div class=\"wp-block-comment-content\"><p>Quel est la chose parfaite a dire pour que tout s&rsquo;amelore, mais ces mots n&rsquo;existent pas, alors a la place: je prie pour toute la famille biologique, politique et tous les proches pendant que nous luttons contre cette immense perte.<\/p>\n<\/div>\n\n<div class=\"wp-block-comment-reply-link has-small-font-size\"><a rel=\"nofollow\" class=\"comment-reply-link\" href=\"https:\/\/congokin.blog\/?page_id=12366&#038;replytocom=13558#respond\" data-commentid=\"13558\" data-postid=\"12366\" data-belowelement=\"comment-13558\" data-respondelement=\"respond\" data-replyto=\"R\u00e9pondre \u00e0 Mambo Lumona\" aria-label=\"R\u00e9pondre \u00e0 Mambo Lumona\">R\u00e9pondre<\/a><\/div><\/div>\n<\/div>\n\n<\/li><li id=\"comment-13559\" class=\"comment even thread-even depth-1\">\n\n<div class=\"wp-block-columns is-layout-flex wp-container-core-columns-is-layout-28f84493 wp-block-columns-is-layout-flex\">\n<div class=\"wp-block-column is-layout-flow wp-block-column-is-layout-flow\" style=\"flex-basis:40px\"><div class=\"wp-block-avatar\"><img alt='Avatar de LUKASO LOUIS ONOKOKO' src='https:\/\/secure.gravatar.com\/avatar\/8c3146c73f52a501813341f4990bdf920f1644d680aec78ec37ff0838fd4f8d5?s=40&#038;d=mm&#038;r=g' srcset='https:\/\/secure.gravatar.com\/avatar\/8c3146c73f52a501813341f4990bdf920f1644d680aec78ec37ff0838fd4f8d5?s=80&#038;d=mm&#038;r=g 2x' class='avatar avatar-40 photo wp-block-avatar__image' height='40' width='40'  style=\"border-radius:20px;\"\/><\/div><\/div>\n\n\n\n<div class=\"wp-block-column is-layout-flow wp-block-column-is-layout-flow\"><div class=\"wp-block-comment-author-name has-small-font-size\">LUKASO LOUIS ONOKOKO<\/div>\n\n\n<div class=\"wp-block-group is-layout-flex wp-block-group-is-layout-flex\" style=\"margin-top:0px;margin-bottom:0px\"><div class=\"wp-block-comment-date has-small-font-size\"><time datetime=\"2023-07-18T05:09:44+00:00\"><a href=\"https:\/\/congokin.blog\/?page_id=12366#comment-13559\">juillet 18, 2023<\/a><\/time><\/div>\n\n<\/div>\n\n\n<div class=\"wp-block-comment-content\"><p>Mes condol\u00e9ances les plus attrist\u00e9es tant \u00e0 la famille biologique que politique de l&rsquo;illustre disparu. Mr. Ch\u00e9rubin Okende Senga est brutalement parti au moment o\u00f9 le pays avait encore besoin de lui. Que son \u00e2me repos\u00e9 en paix.<\/p>\n<\/div>\n\n<div class=\"wp-block-comment-reply-link has-small-font-size\"><a rel=\"nofollow\" class=\"comment-reply-link\" href=\"https:\/\/congokin.blog\/?page_id=12366&#038;replytocom=13559#respond\" data-commentid=\"13559\" data-postid=\"12366\" data-belowelement=\"comment-13559\" data-respondelement=\"respond\" data-replyto=\"R\u00e9pondre \u00e0 LUKASO LOUIS ONOKOKO\" aria-label=\"R\u00e9pondre \u00e0 LUKASO LOUIS ONOKOKO\">R\u00e9pondre<\/a><\/div><\/div>\n<\/div>\n\n<\/li><li id=\"comment-13560\" class=\"comment odd alt thread-odd thread-alt depth-1\">\n\n<div class=\"wp-block-columns is-layout-flex wp-container-core-columns-is-layout-28f84493 wp-block-columns-is-layout-flex\">\n<div class=\"wp-block-column is-layout-flow wp-block-column-is-layout-flow\" style=\"flex-basis:40px\"><div class=\"wp-block-avatar\"><img alt='Avatar de Mende Ren\u00e9' src='https:\/\/secure.gravatar.com\/avatar\/dbcf967f635b940d3626f29c7fd8f5243042c054d4bf27710ae4b54bb7201fba?s=40&#038;d=mm&#038;r=g' srcset='https:\/\/secure.gravatar.com\/avatar\/dbcf967f635b940d3626f29c7fd8f5243042c054d4bf27710ae4b54bb7201fba?s=80&#038;d=mm&#038;r=g 2x' class='avatar avatar-40 photo wp-block-avatar__image' height='40' width='40'  style=\"border-radius:20px;\"\/><\/div><\/div>\n\n\n\n<div class=\"wp-block-column is-layout-flow wp-block-column-is-layout-flow\"><div class=\"wp-block-comment-author-name has-small-font-size\">Mende Ren\u00e9<\/div>\n\n\n<div class=\"wp-block-group is-layout-flex wp-block-group-is-layout-flex\" style=\"margin-top:0px;margin-bottom:0px\"><div class=\"wp-block-comment-date has-small-font-size\"><time datetime=\"2023-07-18T05:25:45+00:00\"><a href=\"https:\/\/congokin.blog\/?page_id=12366#comment-13560\">juillet 18, 2023<\/a><\/time><\/div>\n\n<\/div>\n\n\n<div class=\"wp-block-comment-content\"><p>Mes condol\u00e9ances les plus \u00e9mues \u00e0 toute la Famille du d\u00e9funt Okende Ch\u00e9rubin, ainsi qu&rsquo;\u00e0 toute personne pein\u00e9e par cet odieux assassinat  !<br \/>\nPatriotiquement<br \/>\nMende Ren\u00e9, Bruxelles, Belgique<\/p>\n<\/div>\n\n<div class=\"wp-block-comment-reply-link has-small-font-size\"><a rel=\"nofollow\" class=\"comment-reply-link\" href=\"https:\/\/congokin.blog\/?page_id=12366&#038;replytocom=13560#respond\" data-commentid=\"13560\" data-postid=\"12366\" data-belowelement=\"comment-13560\" data-respondelement=\"respond\" data-replyto=\"R\u00e9pondre \u00e0 Mende Ren\u00e9\" aria-label=\"R\u00e9pondre \u00e0 Mende Ren\u00e9\">R\u00e9pondre<\/a><\/div><\/div>\n<\/div>\n\n<\/li><li id=\"comment-13561\" class=\"comment even thread-even depth-1\">\n\n<div class=\"wp-block-columns is-layout-flex wp-container-core-columns-is-layout-28f84493 wp-block-columns-is-layout-flex\">\n<div class=\"wp-block-column is-layout-flow wp-block-column-is-layout-flow\" style=\"flex-basis:40px\"><div class=\"wp-block-avatar\"><img alt='Avatar de Pascal Robert NZOGU BIN KYANTEDE' src='https:\/\/secure.gravatar.com\/avatar\/a28c36103e31d874f5357d3d4fdaded58ca8333649acea4cc2482d248da88795?s=40&#038;d=mm&#038;r=g' srcset='https:\/\/secure.gravatar.com\/avatar\/a28c36103e31d874f5357d3d4fdaded58ca8333649acea4cc2482d248da88795?s=80&#038;d=mm&#038;r=g 2x' class='avatar avatar-40 photo wp-block-avatar__image' height='40' width='40'  style=\"border-radius:20px;\"\/><\/div><\/div>\n\n\n\n<div class=\"wp-block-column is-layout-flow wp-block-column-is-layout-flow\"><div class=\"wp-block-comment-author-name has-small-font-size\">Pascal Robert NZOGU BIN KYANTEDE<\/div>\n\n\n<div class=\"wp-block-group is-layout-flex wp-block-group-is-layout-flex\" style=\"margin-top:0px;margin-bottom:0px\"><div class=\"wp-block-comment-date has-small-font-size\"><time datetime=\"2023-07-18T08:32:52+00:00\"><a href=\"https:\/\/congokin.blog\/?page_id=12366#comment-13561\">juillet 18, 2023<\/a><\/time><\/div>\n\n<\/div>\n\n\n<div class=\"wp-block-comment-content\"><p>Pole kwa jamaa na Mwenyezi Mungu apokeye rogo ya mufu wetu, wewe mudogo wangu, mushaidi wa uhuru alioyouwawa na serikali ya kibebero !<\/p>\n<\/div>\n\n<div class=\"wp-block-comment-reply-link has-small-font-size\"><a rel=\"nofollow\" class=\"comment-reply-link\" href=\"https:\/\/congokin.blog\/?page_id=12366&#038;replytocom=13561#respond\" data-commentid=\"13561\" data-postid=\"12366\" data-belowelement=\"comment-13561\" data-respondelement=\"respond\" data-replyto=\"R\u00e9pondre \u00e0 Pascal Robert NZOGU BIN KYANTEDE\" aria-label=\"R\u00e9pondre \u00e0 Pascal Robert NZOGU BIN KYANTEDE\">R\u00e9pondre<\/a><\/div><\/div>\n<\/div>\n\n<\/li><li id=\"comment-13562\" class=\"comment odd alt thread-odd thread-alt depth-1\">\n\n<div class=\"wp-block-columns is-layout-flex wp-container-core-columns-is-layout-28f84493 wp-block-columns-is-layout-flex\">\n<div class=\"wp-block-column is-layout-flow wp-block-column-is-layout-flow\" style=\"flex-basis:40px\"><div class=\"wp-block-avatar\"><img alt='Avatar de Esaie WETSHAY' src='https:\/\/secure.gravatar.com\/avatar\/94bf5a7070d4a678fc453ca3e2a8899fdb6978859cc7bdc214d798585ae7df37?s=40&#038;d=mm&#038;r=g' srcset='https:\/\/secure.gravatar.com\/avatar\/94bf5a7070d4a678fc453ca3e2a8899fdb6978859cc7bdc214d798585ae7df37?s=80&#038;d=mm&#038;r=g 2x' class='avatar avatar-40 photo wp-block-avatar__image' height='40' width='40'  style=\"border-radius:20px;\"\/><\/div><\/div>\n\n\n\n<div class=\"wp-block-column is-layout-flow wp-block-column-is-layout-flow\"><div class=\"wp-block-comment-author-name has-small-font-size\">Esaie WETSHAY<\/div>\n\n\n<div class=\"wp-block-group is-layout-flex wp-block-group-is-layout-flex\" style=\"margin-top:0px;margin-bottom:0px\"><div class=\"wp-block-comment-date has-small-font-size\"><time datetime=\"2023-07-18T11:42:09+00:00\"><a href=\"https:\/\/congokin.blog\/?page_id=12366#comment-13562\">juillet 18, 2023<\/a><\/time><\/div>\n\n<\/div>\n\n\n<div class=\"wp-block-comment-content\"><p>On arrache toujours pr\u00e9cocement les enfants les plus importants du pays au moment o\u00fb on attend plus de leurs efforts personnels et conjugu\u00e9s avec ceux des autres patriotes pour relever les d\u00e9fis qui se pr\u00e9sentent \u00e0 la R\u00e9publiques. M. Ch\u00e9rubin OKENDE SENGA \u00e9tait de ceux-l\u00e0 qui ont continu\u00e9 \u00e0 investir leurs \u00e9nergie pour cette finalit\u00e9. Puisse son \u00e2me reposer en paix. Toutes nos condol\u00e9ances \u00e0 sa famille biologique et \u00e0 celle politique.<br \/>\nPr Ikonga WETSHAY, Montr\u00e9al\/Canada.<\/p>\n<\/div>\n\n<div class=\"wp-block-comment-reply-link has-small-font-size\"><a rel=\"nofollow\" class=\"comment-reply-link\" href=\"https:\/\/congokin.blog\/?page_id=12366&#038;replytocom=13562#respond\" data-commentid=\"13562\" data-postid=\"12366\" data-belowelement=\"comment-13562\" data-respondelement=\"respond\" data-replyto=\"R\u00e9pondre \u00e0 Esaie WETSHAY\" aria-label=\"R\u00e9pondre \u00e0 Esaie WETSHAY\">R\u00e9pondre<\/a><\/div><\/div>\n<\/div>\n\n<\/li><li id=\"comment-13563\" class=\"comment even thread-even depth-1\">\n\n<div class=\"wp-block-columns is-layout-flex wp-container-core-columns-is-layout-28f84493 wp-block-columns-is-layout-flex\">\n<div class=\"wp-block-column is-layout-flow wp-block-column-is-layout-flow\" style=\"flex-basis:40px\"><div class=\"wp-block-avatar\"><img alt='Avatar de Raphael Voza' src='https:\/\/secure.gravatar.com\/avatar\/83a2b5e4d03ef9e273d20461dc206441e4d02469962087361e5374ecff655aed?s=40&#038;d=mm&#038;r=g' srcset='https:\/\/secure.gravatar.com\/avatar\/83a2b5e4d03ef9e273d20461dc206441e4d02469962087361e5374ecff655aed?s=80&#038;d=mm&#038;r=g 2x' class='avatar avatar-40 photo wp-block-avatar__image' height='40' width='40'  style=\"border-radius:20px;\"\/><\/div><\/div>\n\n\n\n<div class=\"wp-block-column is-layout-flow wp-block-column-is-layout-flow\"><div class=\"wp-block-comment-author-name has-small-font-size\">Raphael Voza<\/div>\n\n\n<div class=\"wp-block-group is-layout-flex wp-block-group-is-layout-flex\" style=\"margin-top:0px;margin-bottom:0px\"><div class=\"wp-block-comment-date has-small-font-size\"><time datetime=\"2023-07-19T11:20:21+00:00\"><a href=\"https:\/\/congokin.blog\/?page_id=12366#comment-13563\">juillet 19, 2023<\/a><\/time><\/div>\n\n<\/div>\n\n\n<div class=\"wp-block-comment-content\"><p>Our deepest condolences to the family of our departed brother Okende Senga.<br \/>\nMay God comfort the family in this sorrowful time.<br \/>\nWe pray that the soul of our beloved brother rest in eternal peace.<\/p>\n<\/div>\n\n<div class=\"wp-block-comment-reply-link has-small-font-size\"><a rel=\"nofollow\" class=\"comment-reply-link\" href=\"https:\/\/congokin.blog\/?page_id=12366&#038;replytocom=13563#respond\" data-commentid=\"13563\" data-postid=\"12366\" data-belowelement=\"comment-13563\" data-respondelement=\"respond\" data-replyto=\"R\u00e9pondre \u00e0 Raphael Voza\" aria-label=\"R\u00e9pondre \u00e0 Raphael Voza\">R\u00e9pondre<\/a><\/div><\/div>\n<\/div>\n\n<\/li><\/ol>\n\n\n\n\t<div id=\"respond\" class=\"comment-respond wp-block-post-comments-form\">\n\t\t<h3 id=\"reply-title\" class=\"comment-reply-title\">Laisser un commentaire <small><a rel=\"nofollow\" id=\"cancel-comment-reply-link\" href=\"\/index.php?rest_route=%2Fwp%2Fv2%2Fpages%2F12366#respond\" style=\"display:none;\">Annuler la r\u00e9ponse<\/a><\/small><\/h3><form action=\"https:\/\/congokin.blog\/wp-comments-post.php\" method=\"post\" id=\"commentform\" class=\"comment-form\"><p class=\"comment-notes\"><span id=\"email-notes\">Votre adresse e-mail ne sera pas publi\u00e9e.<\/span> <span class=\"required-field-message\">Les champs obligatoires sont indiqu\u00e9s avec <span class=\"required\">*<\/span><\/span><\/p><p class=\"comment-form-comment\"><label for=\"comment\">Commentaire <span class=\"required\">*<\/span><\/label> <textarea id=\"comment\" name=\"comment\" cols=\"45\" rows=\"8\" maxlength=\"65525\" required><\/textarea><\/p><p class=\"comment-form-author\"><label for=\"author\">Nom <span class=\"required\">*<\/span><\/label> <input id=\"author\" name=\"author\" type=\"text\" value=\"\" size=\"30\" maxlength=\"245\" autocomplete=\"name\" required \/><\/p>\n<p class=\"comment-form-email\"><label for=\"email\">E-mail <span class=\"required\">*<\/span><\/label> <input id=\"email\" name=\"email\" type=\"email\" value=\"\" size=\"30\" maxlength=\"100\" aria-describedby=\"email-notes\" autocomplete=\"email\" required \/><\/p>\n<p class=\"comment-form-url\"><label for=\"url\">Site web<\/label> <input id=\"url\" name=\"url\" type=\"url\" value=\"\" size=\"30\" maxlength=\"200\" autocomplete=\"url\" \/><\/p>\n<p class=\"comment-form-cookies-consent\"><input id=\"wp-comment-cookies-consent\" name=\"wp-comment-cookies-consent\" type=\"checkbox\" value=\"yes\" \/> <label for=\"wp-comment-cookies-consent\">Enregistrer mon nom, mon e-mail et mon site dans le navigateur pour mon prochain commentaire.<\/label><\/p>\n<p class=\"form-submit\"><input name=\"submit\" type=\"submit\" id=\"submit\" class=\"submit\" value=\"Laisser un commentaire\" \/> <input type='hidden' name='comment_post_ID' value='12366' id='comment_post_ID' \/>\n<input type='hidden' name='comment_parent' id='comment_parent' value='0' \/>\n<\/p><p style=\"display: none;\"><input type=\"hidden\" id=\"akismet_comment_nonce\" name=\"akismet_comment_nonce\" value=\"c92dda7f7d\" \/><\/p><p style=\"display: none !important;\" class=\"akismet-fields-container\" data-prefix=\"ak_\"><label>&#916;<textarea name=\"ak_hp_textarea\" cols=\"45\" rows=\"8\" maxlength=\"100\"><\/textarea><\/label><input type=\"hidden\" id=\"ak_js_1\" name=\"ak_js\" value=\"172\"\/><script>document.getElementById( \"ak_js_1\" ).setAttribute( \"value\", ( new Date() ).getTime() );<\/script><\/p><\/form>\t<\/div><!-- #respond -->\n\t<\/div>\n<div style=\"text-align:center\" class=\"wps-pgfw-pdf-generate-icon__wrapper-frontend\">\n\t\t<a href=\"https:\/\/congokin.blog?action=genpdf&amp;id=12366\" class=\"pgfw-single-pdf-download-button\" ><img src=\"https:\/\/congokin.blog\/wp-content\/plugins\/pdf-generator-for-wp\/admin\/src\/images\/PDF_Tray.svg\" title=\"G\u00e9n\u00e9rer un PDF\" style=\"width:auto; height:45px;\"><\/a>\n\t\t<\/div>","protected":false},"excerpt":{"rendered":"<p>Nos condol\u00e9ances les plus attrist\u00e9es pour cet assassinat brutal d&rsquo;un d\u00e9put\u00e9 national de la RDC. Ces condol\u00e9ances sont faites ind\u00e9pendamment des appartenances politiques ou ethniques.<\/p>\n","protected":false},"author":8,"featured_media":0,"parent":0,"menu_order":0,"comment_status":"open","ping_status":"closed","template":"","meta":{"footnotes":""},"class_list":["post-12366","page","type-page","status-publish","hentry"],"_links":{"self":[{"href":"https:\/\/congokin.blog\/index.php?rest_route=\/wp\/v2\/pages\/12366","targetHints":{"allow":["GET"]}}],"collection":[{"href":"https:\/\/congokin.blog\/index.php?rest_route=\/wp\/v2\/pages"}],"about":[{"href":"https:\/\/congokin.blog\/index.php?rest_route=\/wp\/v2\/types\/page"}],"author":[{"embeddable":true,"href":"https:\/\/congokin.blog\/index.php?rest_route=\/wp\/v2\/users\/8"}],"replies":[{"embeddable":true,"href":"https:\/\/congokin.blog\/index.php?rest_route=%2Fwp%2Fv2%2Fcomments&post=12366"}],"version-history":[{"count":3,"href":"https:\/\/congokin.blog\/index.php?rest_route=\/wp\/v2\/pages\/12366\/revisions"}],"predecessor-version":[{"id":12377,"href":"https:\/\/congokin.blog\/index.php?rest_route=\/wp\/v2\/pages\/12366\/revisions\/12377"}],"wp:attachment":[{"href":"https:\/\/congokin.blog\/index.php?rest_route=%2Fwp%2Fv2%2Fmedia&parent=12366"}],"curies":[{"name":"wp","href":"https:\/\/api.w.org\/{rel}","templated":true}]}}