{"id":13959,"date":"2026-01-28T19:40:44","date_gmt":"2026-01-28T19:40:44","guid":{"rendered":"https:\/\/congokin.blog\/?page_id=13959"},"modified":"2026-01-29T23:04:52","modified_gmt":"2026-01-29T23:04:52","slug":"page-de-condoleance-pour-roland-lumumba","status":"publish","type":"page","link":"https:\/\/congokin.blog\/?page_id=13959","title":{"rendered":"PAGE DE CONDOL\u00c9ANCES POUR ROLAND LUMUMBA"},"content":{"rendered":"\n<p class=\"has-large-font-size\">Qui \u00e9tait Roland Lumumba?<\/p>\n\n\n\n<figure class=\"wp-block-image size-large\"><img loading=\"lazy\" decoding=\"async\" width=\"1024\" height=\"576\" src=\"https:\/\/congokin.blog\/wp-content\/uploads\/2026\/01\/image-1024x576.png\" alt=\"\" class=\"wp-image-13954\" srcset=\"https:\/\/congokin.blog\/wp-content\/uploads\/2026\/01\/image-1024x576.png 1024w, https:\/\/congokin.blog\/wp-content\/uploads\/2026\/01\/image-300x169.png 300w, https:\/\/congokin.blog\/wp-content\/uploads\/2026\/01\/image-768x432.png 768w, https:\/\/congokin.blog\/wp-content\/uploads\/2026\/01\/image.png 1240w\" sizes=\"auto, (max-width: 1024px) 100vw, 1024px\" \/><\/figure>\n\n\n\n<p><strong>Origines et formation<\/strong><br>Roland-Gilbert Okito Lumumba est n\u00e9 en 1958, quelques ann\u00e9es avant l\u2019assassinat de son p\u00e8re, Patrice Lumumba, survenu en 1961. \u00c0 la suite de cet \u00e9v\u00e9nement, la famille Lumumba conna\u00eet des p\u00e9riodes d\u2019exil et de r\u00e9pression. Roland Lumumba grandit entre la R\u00e9publique d\u00e9mocratique du Congo et l\u2019\u00e9tranger, o\u00f9 il poursuit ses \u00e9tudes. Il se forme comme architecte, profession qu\u2019il exerce avant de s\u2019engager en politique[1],[2],[3].<br><strong>Parcours politique<\/strong><br>Roland Lumumba entre dans la vie politique congolaise et est \u00e9lu d\u00e9put\u00e9 national, fonction qu\u2019il occupe pendant environ une d\u00e9cennie. Son engagement politique reste marqu\u00e9 par une relative discr\u00e9tion, malgr\u00e9 le poids symbolique associ\u00e9 au nom Lumumba dans l\u2019histoire politique congolaise[4],[5].<br><strong>Engagement m\u00e9moriel et judiciaire<\/strong><br>Tr\u00e8s attach\u00e9 \u00e0 la m\u00e9moire et \u00e0 l\u2019h\u00e9ritage politique de son p\u00e8re, Roland Lumumba joue un r\u00f4le actif dans les d\u00e9marches visant \u00e0 faire la lumi\u00e8re sur les circonstances de l\u2019assassinat de Patrice Lumumba. Il participe notamment aux proc\u00e9dures judiciaires ouvertes en Belgique, cons\u00e9cutives \u00e0 la plainte d\u00e9pos\u00e9e par la famille Lumumba en 2011 pour crimes de guerre. \u00c0 plusieurs reprises, il se rend \u00e0 Bruxelles afin d\u2019assister aux audiences, affirmant publiquement que sa d\u00e9marche rel\u00e8ve d\u2019une recherche de v\u00e9rit\u00e9 historique plut\u00f4t que d\u2019un esprit de vengeance. Il contribue \u00e9galement au processus de restitution \u00e0 la RDC de la relique de Patrice Lumumba, conserv\u00e9e en Belgique. Cette relique est officiellement restitu\u00e9e en juin 2022 lors d\u2019une c\u00e9r\u00e9monie \u00e0 Bruxelles[6],[7],[8],[9].<br><strong>Prises de position<\/strong><br>Dans plusieurs d\u00e9clarations publiques, Roland Lumumba insiste sur la port\u00e9e historique universelle de Patrice Lumumba, qu\u2019il refuse de r\u00e9duire \u00e0 une simple figure familiale. Il rappelle le r\u00f4le de son p\u00e8re comme acteur central de l\u2019ind\u00e9pendance congolaise et figure fondatrice du panafricanisme[10].<br><strong>D\u00e9c\u00e8s<\/strong><br>Roland-Gilbert Okito Lumumba meurt le 28 janvier 2026 \u00e0 Kinshasa, \u00e0 l\u2019\u00e2ge de 67 ans, des suites d\u2019une maladie. Son d\u00e9c\u00e8s intervient alors que les proc\u00e9dures judiciaires relatives \u00e0 l\u2019assassinat de Patrice Lumumba se poursuivent en Belgique [ source: Wikipedia]<\/p>\n\n\n\n<p><gwmw style=\"display:none;\"><\/gwmw><\/p>\n\n\n\n<p><gwmw style=\"display:none;\"><\/gwmw><\/p>\n\n\n\n<p><gwmw style=\"display:none;\"><\/gwmw><\/p>\n<div style=\"text-align:center\" class=\"wps-pgfw-pdf-generate-icon__wrapper-frontend\">\n\t\t<a href=\"https:\/\/congokin.blog?action=genpdf&amp;id=13959\" class=\"pgfw-single-pdf-download-button\" ><img src=\"https:\/\/congokin.blog\/wp-content\/plugins\/pdf-generator-for-wp\/admin\/src\/images\/PDF_Tray.svg\" title=\"G\u00e9n\u00e9rer un PDF\" style=\"width:auto; height:45px;\"><\/a>\n\t\t<\/div>","protected":false},"excerpt":{"rendered":"<p>Qui \u00e9tait Roland Lumumba? Origines et formationRoland-Gilbert Okito Lumumba est n\u00e9 en 1958, quelques ann\u00e9es avant l\u2019assassinat de son p\u00e8re, Patrice Lumumba, survenu en 1961. \u00c0 la suite de cet \u00e9v\u00e9nement, la famille Lumumba conna\u00eet des p\u00e9riodes d\u2019exil et de r\u00e9pression. Roland Lumumba grandit entre la R\u00e9publique d\u00e9mocratique du Congo et l\u2019\u00e9tranger, o\u00f9 il poursuit [&hellip;]<\/p>\n","protected":false},"author":8,"featured_media":0,"parent":0,"menu_order":0,"comment_status":"open","ping_status":"closed","template":"","meta":{"footnotes":""},"class_list":["post-13959","page","type-page","status-publish","hentry"],"_links":{"self":[{"href":"https:\/\/congokin.blog\/index.php?rest_route=\/wp\/v2\/pages\/13959","targetHints":{"allow":["GET"]}}],"collection":[{"href":"https:\/\/congokin.blog\/index.php?rest_route=\/wp\/v2\/pages"}],"about":[{"href":"https:\/\/congokin.blog\/index.php?rest_route=\/wp\/v2\/types\/page"}],"author":[{"embeddable":true,"href":"https:\/\/congokin.blog\/index.php?rest_route=\/wp\/v2\/users\/8"}],"replies":[{"embeddable":true,"href":"https:\/\/congokin.blog\/index.php?rest_route=%2Fwp%2Fv2%2Fcomments&post=13959"}],"version-history":[{"count":4,"href":"https:\/\/congokin.blog\/index.php?rest_route=\/wp\/v2\/pages\/13959\/revisions"}],"predecessor-version":[{"id":13967,"href":"https:\/\/congokin.blog\/index.php?rest_route=\/wp\/v2\/pages\/13959\/revisions\/13967"}],"wp:attachment":[{"href":"https:\/\/congokin.blog\/index.php?rest_route=%2Fwp%2Fv2%2Fmedia&parent=13959"}],"curies":[{"name":"wp","href":"https:\/\/api.w.org\/{rel}","templated":true}]}}